{"id":596,"date":"2026-04-20T13:02:46","date_gmt":"2026-04-20T13:02:46","guid":{"rendered":"https:\/\/www.mehrwegweinflasche.at\/?page_id=596"},"modified":"2026-04-21T12:46:23","modified_gmt":"2026-04-21T12:46:23","slug":"jetzt-loslegen","status":"publish","type":"page","link":"https:\/\/www.mehrwegweinflasche.at\/?page_id=596","title":{"rendered":"Jetzt starten!"},"content":{"rendered":"\n<h1 class=\"wp-block-heading\">Jetzt starten!<\/h1>\n\n\n\n<div style=\"height:var(--wp--preset--spacing--large)\" aria-hidden=\"true\" class=\"wp-block-spacer\"><\/div>\n\n\n\n<h2 class=\"wp-block-heading\">1. Voraussetzungen pr\u00fcfen<\/h2>\n\n\n\n<ol class=\"wp-block-list\">\n<li>Rheinweinflasche: Schafft Ihre F\u00fcllanlage eine <strong>Flaschenh\u00f6he von 34cm<\/strong>?<\/li>\n\n\n\n<li>Haben Sie <strong>mehrweg-f\u00e4hige Etiketten <\/strong>&amp; Aufkleber? (siehe <a href=\"https:\/\/www.mehrwegweinflasche.at\/?page_id=19\" data-type=\"page\" data-id=\"19\">Flaschen &amp; Zubeh\u00f6r<\/a>)<\/li>\n\n\n\n<li><strong>Kann Ihr Vertriebspartner Mehrweg<\/strong>?<\/li>\n\n\n\n<li>Haben Sie ein autorisiertes <strong>Waschzentrum in Ihrer N\u00e4he<\/strong> bzw. k\u00f6nnen Sie<strong> selbst reinigen<\/strong>?<\/li>\n<\/ol>\n\n\n\n<div style=\"height:var(--wp--preset--spacing--large)\" aria-hidden=\"true\" class=\"wp-block-spacer\"><\/div>\n\n\n\n<h2 class=\"wp-block-heading\">2. Anmeldung zum Pool<\/h2>\n\n\n\n<p>Bevor Sie Flaschen und Kisten beziehen k\u00f6nnen, m\u00fcssen Sie der <strong>ARGE \u00d6sterreichischer Mehrweg-Weinflaschen-Pool <\/strong>(\u00d6WMP) beitreten und beim Kauf Ihre Erm\u00e4chtigung vorweisen:<\/p>\n\n\n\n<figure class=\"wp-block-image size-full\"><img loading=\"lazy\" decoding=\"async\" width=\"429\" height=\"497\" src=\"https:\/\/www.mehrwegweinflasche.at\/wp-content\/uploads\/2026\/04\/MW-Weinflasche-Bestellprozess-01.png\" alt=\"\" class=\"wp-image-636\" srcset=\"https:\/\/www.mehrwegweinflasche.at\/wp-content\/uploads\/2026\/04\/MW-Weinflasche-Bestellprozess-01.png 429w, https:\/\/www.mehrwegweinflasche.at\/wp-content\/uploads\/2026\/04\/MW-Weinflasche-Bestellprozess-01-259x300.png 259w\" sizes=\"auto, (max-width: 429px) 100vw, 429px\" \/><\/figure>\n\n\n\n<div class=\"wp-block-greyd-buttons\">\n<a  href=\"https:\/\/www.mehrwegweinflasche.at\/?page_id=596\" title=\"Jetzt starten!\" class=\"button  gs_NbLDAP \">Jetzt anmelden!<\/a>\n<\/div>\n\n\n\n<div style=\"height:var(--wp--preset--spacing--large)\" aria-hidden=\"true\" class=\"wp-block-spacer\"><\/div>\n\n\n\n<h2 class=\"wp-block-heading\">3. Gebinde kaufen<\/h2>\n\n\n\n<div style=\"height:var(--wp--preset--spacing--large)\" aria-hidden=\"true\" class=\"wp-block-spacer\"><\/div>\n\n\n\n<h3 class=\"wp-block-heading\"><strong>Neue <\/strong>Flaschen kaufen<\/h3>\n\n\n\n<p>Neue Flaschen erhalten Sie ab sofort bei den folgenden Verkaufsstellen. <\/p>\n\n\n\n<p><strong>Raiffeisen Ware Austria (Lagerhaus)<\/strong><\/p>\n\n\n\n<ul class=\"wp-block-list\">\n<li>Wolkersdorf: +43 2245 83770<\/li>\n\n\n\n<li>Haugsdorf: +43 2944 2220 70<\/li>\n\n\n\n<li>Guntramsdorf: +43 2236 53784 7720<\/li>\n\n\n\n<li>Langenlois: +43 2734 70100<\/li>\n\n\n\n<li>Poysdorf: +43 2552 2312<\/li>\n<\/ul>\n\n\n\n<p><strong>M\u00fcller Glas (office@muellerglas.at \/ +43 2162 8251)<\/strong><\/p>\n\n\n\n<ul class=\"wp-block-list\">\n<li>Langenlois<\/li>\n\n\n\n<li>G\u00f6ttlesbrunn<\/li>\n\n\n\n<li>Lebring<\/li>\n<\/ul>\n\n\n\n<div style=\"height:var(--wp--preset--spacing--large)\" aria-hidden=\"true\" class=\"wp-block-spacer\"><\/div>\n\n\n\n<h3 class=\"wp-block-heading\">Neue Kisten\/Kartons kaufen<\/h3>\n\n\n\n<p>Kisten sind prinzipiell auch bei den Verkaufsstellen f\u00fcr die Flaschen erh\u00e4ltlich. Durch einen Verzug beim Produktionsstart sind die passenden Kisten erst im Juni\/Juli verf\u00fcgbar. Bis dahin sind bei den Verkaufsstellen auch Kartons in passender Gr\u00f6\u00dfe erh\u00e4ltlich.<\/p>\n\n\n\n<h3 class=\"wp-block-heading\"><strong>Gereinigte Gebinde<\/strong><\/h3>\n\n\n\n<p>Gereinigte Flaschen und Kisten erhalten Sie u. a. bei folgenden Waschzentren (sobald die ersten Leerflaschen retourniert werden):<\/p>\n\n\n\n<ul class=\"wp-block-list\">\n<li><strong>Haimerl Flaschenservice<\/strong>, Langenlois<br>+43 2734 2278<\/li>\n\n\n\n<li><strong>Christian Schauhuber<\/strong>, Heldenberg<br>+43 2956 70246<\/li>\n\n\n\n<li><strong>Manfred H\u00f6lzl Brauerei<\/strong>, Wieselburg<br>+43 664 4136260<\/li>\n\n\n\n<li><strong>Moser Weine<\/strong>, Gols<br>+43 2173 2272<\/li>\n\n\n\n<li><strong>Winzerservice Kerschbaum<\/strong>, Gedersdorf<br>+43 681 20 77 2002<\/li>\n<\/ul>\n\n\n\n<p>Eine \u00dcbersicht der aktuellen Verkaufsstellen finden Sie <a href=\"https:\/\/www.mehrwegweinflasche.at\/?page_id=23\" data-type=\"page\" data-id=\"23\">hier<\/a>.<\/p>\n\n\n\n<p><\/p>\n\n\n\n<p><\/p>\n","protected":false},"excerpt":{"rendered":"<p>Jetzt starten! 1. Voraussetzungen pr\u00fcfen 2. Anmeldung zum Pool Bevor Sie Flaschen und Kisten beziehen k\u00f6nnen, m\u00fcssen Sie der ARGE \u00d6sterreichischer Mehrweg-Weinflaschen-Pool (\u00d6WMP) beitreten und beim Kauf Ihre Erm\u00e4chtigung vorweisen: 3. Gebinde kaufen Neue Flaschen kaufen Neue Flaschen erhalten Sie ab sofort bei den folgenden Verkaufsstellen. Raiffeisen Ware Austria (Lagerhaus) M\u00fcller Glas (office@muellerglas.at \/ +43 [&hellip;]<\/p>\n","protected":false},"author":3,"featured_media":0,"parent":0,"menu_order":0,"comment_status":"closed","ping_status":"closed","template":"","meta":{"greyd_block_editor_preview":[],"footnotes":""},"class_list":["post-596","page","type-page","status-publish","hentry"],"_links":{"self":[{"href":"https:\/\/www.mehrwegweinflasche.at\/index.php?rest_route=\/wp\/v2\/pages\/596","targetHints":{"allow":["GET"]}}],"collection":[{"href":"https:\/\/www.mehrwegweinflasche.at\/index.php?rest_route=\/wp\/v2\/pages"}],"about":[{"href":"https:\/\/www.mehrwegweinflasche.at\/index.php?rest_route=\/wp\/v2\/types\/page"}],"author":[{"embeddable":true,"href":"https:\/\/www.mehrwegweinflasche.at\/index.php?rest_route=\/wp\/v2\/users\/3"}],"replies":[{"embeddable":true,"href":"https:\/\/www.mehrwegweinflasche.at\/index.php?rest_route=%2Fwp%2Fv2%2Fcomments&post=596"}],"version-history":[{"count":5,"href":"https:\/\/www.mehrwegweinflasche.at\/index.php?rest_route=\/wp\/v2\/pages\/596\/revisions"}],"predecessor-version":[{"id":639,"href":"https:\/\/www.mehrwegweinflasche.at\/index.php?rest_route=\/wp\/v2\/pages\/596\/revisions\/639"}],"wp:attachment":[{"href":"https:\/\/www.mehrwegweinflasche.at\/index.php?rest_route=%2Fwp%2Fv2%2Fmedia&parent=596"}],"curies":[{"name":"wp","href":"https:\/\/api.w.org\/{rel}","templated":true}]}}